{"id":2,"date":"2026-03-23T18:06:40","date_gmt":"2026-03-23T18:06:40","guid":{"rendered":"https:\/\/dr-maeb.com\/?page_id=2"},"modified":"2026-03-26T18:54:29","modified_gmt":"2026-03-26T18:54:29","slug":"pagina-ejemplo","status":"publish","type":"page","link":"https:\/\/dr-maeb.com\/","title":{"rendered":"Novedades | Doctor Miguel \u00c1ngel Esp\u00edndola Bustillos"},"content":{"rendered":"\t\t<div data-elementor-type=\"wp-page\" data-elementor-id=\"2\" class=\"elementor elementor-2\" data-elementor-post-type=\"page\">\n\t\t\t\t\t\t<section class=\"elementor-section elementor-top-section elementor-element elementor-element-157bb45 elementor-section-height-min-height elementor-section-boxed elementor-section-height-default elementor-section-items-middle\" data-id=\"157bb45\" data-element_type=\"section\" data-e-type=\"section\" data-settings=\"{&quot;background_background&quot;:&quot;classic&quot;}\">\n\t\t\t\t\t\t<div class=\"elementor-container elementor-column-gap-default\">\n\t\t\t\t\t<div class=\"elementor-column elementor-col-100 elementor-top-column elementor-element elementor-element-88042ff\" data-id=\"88042ff\" data-element_type=\"column\" data-e-type=\"column\">\n\t\t\t<div class=\"elementor-widget-wrap elementor-element-populated\">\n\t\t\t\t\t\t<div class=\"elementor-element elementor-element-a779c9a elementor-widget elementor-widget-heading\" data-id=\"a779c9a\" data-element_type=\"widget\" data-e-type=\"widget\" data-widget_type=\"heading.default\">\n\t\t\t\t\t<h2 class=\"elementor-heading-title elementor-size-default\">Novedades<\/h2>\t\t\t\t<\/div>\n\t\t\t\t\t<\/div>\n\t\t<\/div>\n\t\t\t\t\t<\/div>\n\t\t<\/section>\n\t\t\t\t<section class=\"elementor-section elementor-top-section elementor-element elementor-element-ef9d9cb elementor-section-boxed elementor-section-height-default elementor-section-height-default\" data-id=\"ef9d9cb\" data-element_type=\"section\" data-e-type=\"section\" data-settings=\"{&quot;background_background&quot;:&quot;slideshow&quot;,&quot;background_slideshow_gallery&quot;:[],&quot;background_slideshow_slide_duration&quot;:5000,&quot;background_slideshow_slide_transition&quot;:&quot;fade&quot;,&quot;background_slideshow_transition_duration&quot;:500}\">\n\t\t\t\t\t\t\t<div class=\"elementor-background-overlay\"><\/div>\n\t\t\t\t\t\t\t<div class=\"elementor-container elementor-column-gap-default\">\n\t\t\t\t\t<div class=\"elementor-column elementor-col-100 elementor-top-column elementor-element elementor-element-522ce6b\" data-id=\"522ce6b\" data-element_type=\"column\" data-e-type=\"column\">\n\t\t\t<div class=\"elementor-widget-wrap elementor-element-populated\">\n\t\t\t\t\t\t<div class=\"elementor-element elementor-element-977dcf3 elementor-posts--align-center elementor-grid-3 elementor-grid-tablet-2 elementor-grid-mobile-1 elementor-posts--thumbnail-top elementor-widget elementor-widget-posts\" data-id=\"977dcf3\" data-element_type=\"widget\" data-e-type=\"widget\" data-settings=\"{&quot;classic_columns&quot;:&quot;3&quot;,&quot;classic_columns_tablet&quot;:&quot;2&quot;,&quot;classic_columns_mobile&quot;:&quot;1&quot;,&quot;classic_row_gap&quot;:{&quot;unit&quot;:&quot;px&quot;,&quot;size&quot;:35,&quot;sizes&quot;:[]},&quot;classic_row_gap_tablet&quot;:{&quot;unit&quot;:&quot;px&quot;,&quot;size&quot;:&quot;&quot;,&quot;sizes&quot;:[]},&quot;classic_row_gap_mobile&quot;:{&quot;unit&quot;:&quot;px&quot;,&quot;size&quot;:&quot;&quot;,&quot;sizes&quot;:[]}}\" data-widget_type=\"posts.classic\">\n\t\t\t\t<div class=\"elementor-widget-container\">\n\t\t\t\t\t\t\t<div class=\"elementor-posts-container elementor-posts elementor-posts--skin-classic elementor-grid\">\n\t\t\t\t<article class=\"elementor-post elementor-grid-item post-254 post type-post status-publish format-standard has-post-thumbnail hentry category-sin-categoria\">\n\t\t\t\t<a class=\"elementor-post__thumbnail__link\" href=\"https:\/\/dr-maeb.com\/index.php\/2026\/03\/26\/dr-miguel-angel-espindola-bustillos-global-law-summin-2\/\" tabindex=\"-1\" target=&quot;_blank&quot;>\n\t\t\t<div class=\"elementor-post__thumbnail\"><img fetchpriority=\"high\" decoding=\"async\" width=\"1024\" height=\"1536\" src=\"https:\/\/dr-maeb.com\/wp-content\/uploads\/2026\/03\/ChatGPT-Image-26-mar-2026-01_29_32-p.m.webp\" class=\"attachment-full size-full wp-image-258\" alt=\"\" srcset=\"https:\/\/dr-maeb.com\/wp-content\/uploads\/2026\/03\/ChatGPT-Image-26-mar-2026-01_29_32-p.m.webp 1024w, https:\/\/dr-maeb.com\/wp-content\/uploads\/2026\/03\/ChatGPT-Image-26-mar-2026-01_29_32-p.m-200x300.webp 200w, https:\/\/dr-maeb.com\/wp-content\/uploads\/2026\/03\/ChatGPT-Image-26-mar-2026-01_29_32-p.m-683x1024.webp 683w, https:\/\/dr-maeb.com\/wp-content\/uploads\/2026\/03\/ChatGPT-Image-26-mar-2026-01_29_32-p.m-768x1152.webp 768w\" sizes=\"(max-width: 1024px) 100vw, 1024px\" \/><\/div>\n\t\t<\/a>\n\t\t\t\t<div class=\"elementor-post__text\">\n\t\t\t\t<h3 class=\"elementor-post__title\">\n\t\t\t<a href=\"https:\/\/dr-maeb.com\/index.php\/2026\/03\/26\/dr-miguel-angel-espindola-bustillos-global-law-summin-2\/\" target=&quot;_blank&quot;>\n\t\t\t\tNormas Jur\u00eddicas Comunitarias y su Jerarqu\u00eda en el Derecho de la Uni\u00f3n Europea\t\t\t<\/a>\n\t\t<\/h3>\n\t\t\t\t<div class=\"elementor-post__meta-data\">\n\t\t\t\t\t<span class=\"elementor-post-date\">\n\t\t\t26 marzo, 2026\t\t<\/span>\n\t\t\t\t<\/div>\n\t\t\t\t<\/div>\n\t\t\t\t<\/article>\n\t\t\t\t<article class=\"elementor-post elementor-grid-item post-195 post type-post status-publish format-standard has-post-thumbnail hentry category-sin-categoria\">\n\t\t\t\t<a class=\"elementor-post__thumbnail__link\" href=\"https:\/\/dr-maeb.com\/index.php\/2026\/03\/25\/dr-miguel-angel-espindola-bustillos-global-law-summin\/\" tabindex=\"-1\" target=&quot;_blank&quot;>\n\t\t\t<div class=\"elementor-post__thumbnail\"><img decoding=\"async\" width=\"1024\" height=\"1536\" src=\"https:\/\/dr-maeb.com\/wp-content\/uploads\/2026\/03\/Miguel-Angel-Espindola-Bustillos-GLOBAL-LAW-SUMMIN-of-LONDON.png\" class=\"attachment-full size-full wp-image-169\" alt=\"\" srcset=\"https:\/\/dr-maeb.com\/wp-content\/uploads\/2026\/03\/Miguel-Angel-Espindola-Bustillos-GLOBAL-LAW-SUMMIN-of-LONDON.png 1024w, https:\/\/dr-maeb.com\/wp-content\/uploads\/2026\/03\/Miguel-Angel-Espindola-Bustillos-GLOBAL-LAW-SUMMIN-of-LONDON-200x300.png 200w, https:\/\/dr-maeb.com\/wp-content\/uploads\/2026\/03\/Miguel-Angel-Espindola-Bustillos-GLOBAL-LAW-SUMMIN-of-LONDON-683x1024.png 683w, https:\/\/dr-maeb.com\/wp-content\/uploads\/2026\/03\/Miguel-Angel-Espindola-Bustillos-GLOBAL-LAW-SUMMIN-of-LONDON-768x1152.png 768w\" sizes=\"(max-width: 1024px) 100vw, 1024px\" \/><\/div>\n\t\t<\/a>\n\t\t\t\t<div class=\"elementor-post__text\">\n\t\t\t\t<h3 class=\"elementor-post__title\">\n\t\t\t<a href=\"https:\/\/dr-maeb.com\/index.php\/2026\/03\/25\/dr-miguel-angel-espindola-bustillos-global-law-summin\/\" target=&quot;_blank&quot;>\n\t\t\t\tDr. Miguel \u00c1ngel Esp\u00edndola Bustillos Global Law Summin\t\t\t<\/a>\n\t\t<\/h3>\n\t\t\t\t<div class=\"elementor-post__meta-data\">\n\t\t\t\t\t<span class=\"elementor-post-date\">\n\t\t\t25 marzo, 2026\t\t<\/span>\n\t\t\t\t<\/div>\n\t\t\t\t<\/div>\n\t\t\t\t<\/article>\n\t\t\t\t<article class=\"elementor-post elementor-grid-item post-1 post type-post status-publish format-standard has-post-thumbnail hentry category-sin-categoria\">\n\t\t\t\t<a class=\"elementor-post__thumbnail__link\" href=\"https:\/\/dr-maeb.com\/index.php\/2026\/03\/23\/miguel-angel-espindola-bustillos-global-law-summin\/\" tabindex=\"-1\" target=&quot;_blank&quot;>\n\t\t\t<div class=\"elementor-post__thumbnail\"><img decoding=\"async\" width=\"2048\" height=\"2048\" src=\"https:\/\/dr-maeb.com\/wp-content\/uploads\/2026\/03\/Miguel-Angel-Espindola-Bustillos-Revista-LEX-Informa.jpg\" class=\"attachment-full size-full wp-image-197\" alt=\"\" srcset=\"https:\/\/dr-maeb.com\/wp-content\/uploads\/2026\/03\/Miguel-Angel-Espindola-Bustillos-Revista-LEX-Informa.jpg 2048w, https:\/\/dr-maeb.com\/wp-content\/uploads\/2026\/03\/Miguel-Angel-Espindola-Bustillos-Revista-LEX-Informa-300x300.jpg 300w, https:\/\/dr-maeb.com\/wp-content\/uploads\/2026\/03\/Miguel-Angel-Espindola-Bustillos-Revista-LEX-Informa-1024x1024.jpg 1024w, https:\/\/dr-maeb.com\/wp-content\/uploads\/2026\/03\/Miguel-Angel-Espindola-Bustillos-Revista-LEX-Informa-150x150.jpg 150w, https:\/\/dr-maeb.com\/wp-content\/uploads\/2026\/03\/Miguel-Angel-Espindola-Bustillos-Revista-LEX-Informa-768x768.jpg 768w, https:\/\/dr-maeb.com\/wp-content\/uploads\/2026\/03\/Miguel-Angel-Espindola-Bustillos-Revista-LEX-Informa-1536x1536.jpg 1536w\" sizes=\"(max-width: 2048px) 100vw, 2048px\" \/><\/div>\n\t\t<\/a>\n\t\t\t\t<div class=\"elementor-post__text\">\n\t\t\t\t<h3 class=\"elementor-post__title\">\n\t\t\t<a href=\"https:\/\/dr-maeb.com\/index.php\/2026\/03\/23\/miguel-angel-espindola-bustillos-global-law-summin\/\" target=&quot;_blank&quot;>\n\t\t\t\tDr. Miguel \u00c1ngel Esp\u00edndola Bustillos Revista LEX Informa\t\t\t<\/a>\n\t\t<\/h3>\n\t\t\t\t<div class=\"elementor-post__meta-data\">\n\t\t\t\t\t<span class=\"elementor-post-date\">\n\t\t\t23 marzo, 2026\t\t<\/span>\n\t\t\t\t<\/div>\n\t\t\t\t<\/div>\n\t\t\t\t<\/article>\n\t\t\t\t<\/div>\n\t\t\n\t\t\t\t\t\t<\/div>\n\t\t\t\t<\/div>\n\t\t\t\t\t<\/div>\n\t\t<\/div>\n\t\t\t\t\t<\/div>\n\t\t<\/section>\n\t\t\t\t<\/div>\n\t\t","protected":false},"excerpt":{"rendered":"<p>Novedades<\/p>\n","protected":false},"author":1,"featured_media":0,"parent":0,"menu_order":0,"comment_status":"closed","ping_status":"open","template":"","meta":{"site-sidebar-layout":"no-sidebar","site-content-layout":"","ast-site-content-layout":"full-width-container","site-content-style":"default","site-sidebar-style":"default","ast-global-header-display":"","ast-banner-title-visibility":"","ast-main-header-display":"","ast-hfb-above-header-display":"","ast-hfb-below-header-display":"","ast-hfb-mobile-header-display":"","site-post-title":"disabled","ast-breadcrumbs-content":"","ast-featured-img":"disabled","footer-sml-layout":"","ast-disable-related-posts":"","theme-transparent-header-meta":"","adv-header-id-meta":"","stick-header-meta":"","header-above-stick-meta":"","header-main-stick-meta":"","header-below-stick-meta":"","astra-migrate-meta-layouts":"default","ast-page-background-enabled":"default","ast-page-background-meta":{"desktop":{"background-color":"var(--ast-global-color-5)","background-image":"","background-repeat":"repeat","background-position":"center center","background-size":"auto","background-attachment":"scroll","background-type":"","background-media":"","overlay-type":"","overlay-color":"","overlay-opacity":"","overlay-gradient":""},"tablet":{"background-color":"","background-image":"","background-repeat":"repeat","background-position":"center center","background-size":"auto","background-attachment":"scroll","background-type":"","background-media":"","overlay-type":"","overlay-color":"","overlay-opacity":"","overlay-gradient":""},"mobile":{"background-color":"","background-image":"","background-repeat":"repeat","background-position":"center center","background-size":"auto","background-attachment":"scroll","background-type":"","background-media":"","overlay-type":"","overlay-color":"","overlay-opacity":"","overlay-gradient":""}},"ast-content-background-meta":{"desktop":{"background-color":"var(--ast-global-color-4)","background-image":"","background-repeat":"repeat","background-position":"center center","background-size":"auto","background-attachment":"scroll","background-type":"","background-media":"","overlay-type":"","overlay-color":"","overlay-opacity":"","overlay-gradient":""},"tablet":{"background-color":"var(--ast-global-color-4)","background-image":"","background-repeat":"repeat","background-position":"center center","background-size":"auto","background-attachment":"scroll","background-type":"","background-media":"","overlay-type":"","overlay-color":"","overlay-opacity":"","overlay-gradient":""},"mobile":{"background-color":"var(--ast-global-color-4)","background-image":"","background-repeat":"repeat","background-position":"center center","background-size":"auto","background-attachment":"scroll","background-type":"","background-media":"","overlay-type":"","overlay-color":"","overlay-opacity":"","overlay-gradient":""}},"footnotes":""},"class_list":["post-2","page","type-page","status-publish","hentry"],"_links":{"self":[{"href":"https:\/\/dr-maeb.com\/index.php\/wp-json\/wp\/v2\/pages\/2","targetHints":{"allow":["GET"]}}],"collection":[{"href":"https:\/\/dr-maeb.com\/index.php\/wp-json\/wp\/v2\/pages"}],"about":[{"href":"https:\/\/dr-maeb.com\/index.php\/wp-json\/wp\/v2\/types\/page"}],"author":[{"embeddable":true,"href":"https:\/\/dr-maeb.com\/index.php\/wp-json\/wp\/v2\/users\/1"}],"replies":[{"embeddable":true,"href":"https:\/\/dr-maeb.com\/index.php\/wp-json\/wp\/v2\/comments?post=2"}],"version-history":[{"count":78,"href":"https:\/\/dr-maeb.com\/index.php\/wp-json\/wp\/v2\/pages\/2\/revisions"}],"predecessor-version":[{"id":266,"href":"https:\/\/dr-maeb.com\/index.php\/wp-json\/wp\/v2\/pages\/2\/revisions\/266"}],"wp:attachment":[{"href":"https:\/\/dr-maeb.com\/index.php\/wp-json\/wp\/v2\/media?parent=2"}],"curies":[{"name":"wp","href":"https:\/\/api.w.org\/{rel}","templated":true}]}}